{"id":2198,"date":"2021-11-12T15:31:55","date_gmt":"2021-11-12T14:31:55","guid":{"rendered":"https:\/\/www.apoeschl.eu\/?page_id=2198"},"modified":"2022-10-18T14:36:49","modified_gmt":"2022-10-18T12:36:49","slug":"corporate","status":"publish","type":"page","link":"https:\/\/www.apoeschl.eu\/en\/corporate\/","title":{"rendered":"F\u00fcr gr\u00f6\u00dfere Organisationen"},"content":{"rendered":"\n<div class=\"wp-block-group alignfull has-background is-layout-flow wp-block-group-is-layout-flow\" style=\"background-color:#ffffff\"><div class=\"wp-block-group__inner-container\">\n<div class=\"wp-block-columns alignwide are-vertically-aligned-center is-layout-flex wp-container-core-columns-is-layout-28f84493 wp-block-columns-is-layout-flex\">\n<div class=\"wp-block-column is-vertically-aligned-center is-layout-flow wp-block-column-is-layout-flow\">\n<h2 class=\"has-text-align-center wp-block-heading\">For SME or larger firms<\/h2>\n\n\n\n<p class=\"has-text-align-center\">Let&#8217;s talk about these topics in person.<\/p>\n\n\n\n<div style=\"height:31px\" aria-hidden=\"true\" class=\"wp-block-spacer\"><\/div>\n\n\n\n<div class=\"wp-block-buttons is-content-justification-center is-layout-flex wp-container-core-buttons-is-layout-a89b3969 wp-block-buttons-is-layout-flex\">\n<div class=\"wp-block-button is-style-outline is-style-outline--1\"><a class=\"wp-block-button__link\" href=\"https:\/\/www.apoeschl.eu\/en\/kontakt\/\">Get in touch<\/a><\/div>\n<\/div>\n<\/div>\n\n\n\n<div class=\"wp-block-column is-vertically-aligned-center is-layout-flow wp-block-column-is-layout-flow\">\n<div class=\"wp-block-group alignfull has-background is-layout-flow wp-block-group-is-layout-flow\" style=\"background-color:#f7f7f7\"><div class=\"wp-block-group__inner-container\">\n<h4 class=\"has-text-align-center wp-block-heading\">Cooperations<\/h4>\n\n\n\n<p class=\"has-text-align-center\">e.g. joint research projects, events<\/p>\n<\/div><\/div>\n\n\n\n<div style=\"height:30px\" aria-hidden=\"true\" class=\"wp-block-spacer\"><\/div>\n\n\n\n<div class=\"wp-block-group alignfull has-background is-layout-flow wp-block-group-is-layout-flow\" style=\"background-color:#f7f7f7\"><div class=\"wp-block-group__inner-container\">\n<h4 class=\"has-text-align-center wp-block-heading\">Internships<\/h4>\n\n\n\n<p class=\"has-text-align-center\">e.g. national or international internships or theses for my students<\/p>\n<\/div><\/div>\n<\/div>\n\n\n\n<div class=\"wp-block-column is-vertically-aligned-center is-layout-flow wp-block-column-is-layout-flow\">\n<div class=\"wp-block-group alignfull has-background is-layout-flow wp-block-group-is-layout-flow\" style=\"background-color:#f7f7f7\"><div class=\"wp-block-group__inner-container\">\n<h4 class=\"has-text-align-center wp-block-heading\">Guest lectures<\/h4>\n\n\n\n<p class=\"has-text-align-center\">especially in the areas of entrepreneurial management, start-ups, family businesses, successions, M&amp;A<\/p>\n<\/div><\/div>\n\n\n\n<div style=\"height:30px\" aria-hidden=\"true\" class=\"wp-block-spacer\"><\/div>\n\n\n\n<div class=\"wp-block-group alignfull has-background is-layout-flow wp-block-group-is-layout-flow\" style=\"background-color:#f7f7f7\"><div class=\"wp-block-group__inner-container\">\n<h4 class=\"has-text-align-center wp-block-heading\">Consulting<\/h4>\n\n\n\n<p class=\"has-text-align-center\">especially in the areas of succession, business cooperations and investments, digitalisation and transformation<\/p>\n<\/div><\/div>\n<\/div>\n<\/div>\n<\/div><\/div>\n\n\n\n<div class=\"wp-block-buttons is-layout-flex wp-block-buttons-is-layout-flex\"><\/div>\n","protected":false},"excerpt":{"rendered":"<p>For SME or larger firms Let&#8217;s talk about these topics in person. Cooperations e.g. joint research projects, events Internships e.g. national or international internships or theses for my students Guest lectures especially in the areas of entrepreneurial management, start-ups, family businesses, successions, M&amp;A Consulting especially in the areas of succession, business cooperations and investments, digitalisation &hellip;<\/p>\n<p class=\"read-more\"> <a class=\"\" href=\"https:\/\/www.apoeschl.eu\/en\/corporate\/\"> <span class=\"screen-reader-text\">F\u00fcr gr\u00f6\u00dfere Organisationen<\/span> Read More &raquo;<\/a><\/p>\n","protected":false},"author":1,"featured_media":0,"parent":0,"menu_order":0,"comment_status":"closed","ping_status":"closed","template":"","meta":{"site-sidebar-layout":"","site-content-layout":"plain-container","ast-site-content-layout":"","site-content-style":"default","site-sidebar-style":"default","ast-global-header-display":"","ast-banner-title-visibility":"","ast-main-header-display":"","ast-hfb-above-header-display":"","ast-hfb-below-header-display":"","ast-hfb-mobile-header-display":"","site-post-title":"disabled","ast-breadcrumbs-content":"","ast-featured-img":"","footer-sml-layout":"","theme-transparent-header-meta":"","adv-header-id-meta":"","stick-header-meta":"","header-above-stick-meta":"","header-main-stick-meta":"","header-below-stick-meta":"","astra-migrate-meta-layouts":"","ast-page-background-enabled":"default","ast-page-background-meta":{"desktop":{"background-color":"","background-image":"","background-repeat":"repeat","background-position":"center center","background-size":"auto","background-attachment":"scroll","background-type":"","background-media":"","overlay-type":"","overlay-color":"","overlay-gradient":""},"tablet":{"background-color":"","background-image":"","background-repeat":"repeat","background-position":"center center","background-size":"auto","background-attachment":"scroll","background-type":"","background-media":"","overlay-type":"","overlay-color":"","overlay-gradient":""},"mobile":{"background-color":"","background-image":"","background-repeat":"repeat","background-position":"center center","background-size":"auto","background-attachment":"scroll","background-type":"","background-media":"","overlay-type":"","overlay-color":"","overlay-gradient":""}},"ast-content-background-meta":{"desktop":{"background-color":"var(--ast-global-color-5)","background-image":"","background-repeat":"repeat","background-position":"center center","background-size":"auto","background-attachment":"scroll","background-type":"","background-media":"","overlay-type":"","overlay-color":"","overlay-gradient":""},"tablet":{"background-color":"var(--ast-global-color-5)","background-image":"","background-repeat":"repeat","background-position":"center center","background-size":"auto","background-attachment":"scroll","background-type":"","background-media":"","overlay-type":"","overlay-color":"","overlay-gradient":""},"mobile":{"background-color":"var(--ast-global-color-5)","background-image":"","background-repeat":"repeat","background-position":"center center","background-size":"auto","background-attachment":"scroll","background-type":"","background-media":"","overlay-type":"","overlay-color":"","overlay-gradient":""}},"footnotes":""},"class_list":["post-2198","page","type-page","status-publish","hentry"],"_links":{"self":[{"href":"https:\/\/www.apoeschl.eu\/en\/wp-json\/wp\/v2\/pages\/2198","targetHints":{"allow":["GET"]}}],"collection":[{"href":"https:\/\/www.apoeschl.eu\/en\/wp-json\/wp\/v2\/pages"}],"about":[{"href":"https:\/\/www.apoeschl.eu\/en\/wp-json\/wp\/v2\/types\/page"}],"author":[{"embeddable":true,"href":"https:\/\/www.apoeschl.eu\/en\/wp-json\/wp\/v2\/users\/1"}],"replies":[{"embeddable":true,"href":"https:\/\/www.apoeschl.eu\/en\/wp-json\/wp\/v2\/comments?post=2198"}],"version-history":[{"count":1,"href":"https:\/\/www.apoeschl.eu\/en\/wp-json\/wp\/v2\/pages\/2198\/revisions"}],"predecessor-version":[{"id":2331,"href":"https:\/\/www.apoeschl.eu\/en\/wp-json\/wp\/v2\/pages\/2198\/revisions\/2331"}],"wp:attachment":[{"href":"https:\/\/www.apoeschl.eu\/en\/wp-json\/wp\/v2\/media?parent=2198"}],"curies":[{"name":"wp","href":"https:\/\/api.w.org\/{rel}","templated":true}]}}